{"id":519,"date":"2019-03-13T12:31:59","date_gmt":"2019-03-13T11:31:59","guid":{"rendered":"http:\/\/esserigrafia.com\/?page_id=519"},"modified":"2019-05-27T09:30:31","modified_gmt":"2019-05-27T08:30:31","slug":"materials","status":"publish","type":"page","link":"https:\/\/esserigrafia.com\/ca\/materials\/","title":{"rendered":"Materials"},"content":{"rendered":"","protected":false},"excerpt":{"rendered":"","protected":false},"author":4,"featured_media":0,"parent":0,"menu_order":0,"comment_status":"closed","ping_status":"closed","template":"template-materiales.php","meta":{"footnotes":""},"yoast_head":"<!-- This site is optimized with the Yoast SEO plugin v22.9 - https:\/\/yoast.com\/wordpress\/plugins\/seo\/ -->\n<title>Materials d&#039;impressi\u00f3 disponibles - Esser Serigrafia Serigraf\u00eda<\/title>\n<meta name=\"description\" content=\"Materials d&#039;impressi\u00f3 disponibles a Esser Serigraf\u00eda. Imprimim sobre tot tipus de materials, r\u00edgids, tous, materials naturals i artificials\" \/>\n<meta name=\"robots\" content=\"index, follow, max-snippet:-1, max-image-preview:large, max-video-preview:-1\" \/>\n<link rel=\"canonical\" href=\"https:\/\/esserigrafia.com\/ca\/materials\/\" \/>\n<meta property=\"og:locale\" content=\"ca_ES\" \/>\n<meta property=\"og:type\" content=\"article\" \/>\n<meta property=\"og:title\" content=\"Materials d&#039;impressi\u00f3 disponibles - Esser Serigrafia Serigraf\u00eda\" \/>\n<meta property=\"og:description\" content=\"Materials d&#039;impressi\u00f3 disponibles a Esser Serigraf\u00eda. Imprimim sobre tot tipus de materials, r\u00edgids, tous, materials naturals i artificials\" \/>\n<meta property=\"og:url\" content=\"https:\/\/esserigrafia.com\/ca\/materials\/\" \/>\n<meta property=\"og:site_name\" content=\"Esser Serigrafia\" \/>\n<meta property=\"article:modified_time\" content=\"2019-05-27T08:30:31+00:00\" \/>\n<meta name=\"twitter:card\" content=\"summary_large_image\" \/>\n<script type=\"application\/ld+json\" class=\"yoast-schema-graph\">{\"@context\":\"https:\/\/schema.org\",\"@graph\":[{\"@type\":\"WebPage\",\"@id\":\"https:\/\/esserigrafia.com\/ca\/materials\/\",\"url\":\"https:\/\/esserigrafia.com\/ca\/materials\/\",\"name\":\"Materials d'impressi\u00f3 disponibles - Esser Serigrafia Serigraf\u00eda\",\"isPartOf\":{\"@id\":\"https:\/\/esserigrafia.com\/#website\"},\"datePublished\":\"2019-03-13T11:31:59+00:00\",\"dateModified\":\"2019-05-27T08:30:31+00:00\",\"description\":\"Materials d'impressi\u00f3 disponibles a Esser Serigraf\u00eda. Imprimim sobre tot tipus de materials, r\u00edgids, tous, materials naturals i artificials\",\"breadcrumb\":{\"@id\":\"https:\/\/esserigrafia.com\/ca\/materials\/#breadcrumb\"},\"inLanguage\":\"ca\",\"potentialAction\":[{\"@type\":\"ReadAction\",\"target\":[\"https:\/\/esserigrafia.com\/ca\/materials\/\"]}]},{\"@type\":\"BreadcrumbList\",\"@id\":\"https:\/\/esserigrafia.com\/ca\/materials\/#breadcrumb\",\"itemListElement\":[{\"@type\":\"ListItem\",\"position\":1,\"name\":\"Inici\",\"item\":\"https:\/\/esserigrafia.com\/ca\/\"},{\"@type\":\"ListItem\",\"position\":2,\"name\":\"Materials\"}]},{\"@type\":\"WebSite\",\"@id\":\"https:\/\/esserigrafia.com\/#website\",\"url\":\"https:\/\/esserigrafia.com\/\",\"name\":\"Esser Serigrafia\",\"description\":\"Impressi\u00f3 a Barcelona\",\"publisher\":{\"@id\":\"https:\/\/esserigrafia.com\/#organization\"},\"potentialAction\":[{\"@type\":\"SearchAction\",\"target\":{\"@type\":\"EntryPoint\",\"urlTemplate\":\"https:\/\/esserigrafia.com\/?s={search_term_string}\"},\"query-input\":\"required name=search_term_string\"}],\"inLanguage\":\"ca\"},{\"@type\":\"Organization\",\"@id\":\"https:\/\/esserigrafia.com\/#organization\",\"name\":\"Esser Serigrafia\",\"url\":\"https:\/\/esserigrafia.com\/\",\"logo\":{\"@type\":\"ImageObject\",\"inLanguage\":\"ca\",\"@id\":\"https:\/\/esserigrafia.com\/#\/schema\/logo\/image\/\",\"url\":\"https:\/\/esserigrafia.com\/wp-content\/uploads\/2017\/10\/logo.png\",\"contentUrl\":\"https:\/\/esserigrafia.com\/wp-content\/uploads\/2017\/10\/logo.png\",\"width\":311,\"height\":36,\"caption\":\"Esser Serigrafia\"},\"image\":{\"@id\":\"https:\/\/esserigrafia.com\/#\/schema\/logo\/image\/\"},\"sameAs\":[\"https:\/\/www.youtube.com\/channel\/UCtbBTXM54W4HvQf58CfXTFQ\"]}]}<\/script>\n<!-- \/ Yoast SEO plugin. -->","yoast_head_json":{"title":"Materials d'impressi\u00f3 disponibles - Esser Serigrafia Serigraf\u00eda","description":"Materials d'impressi\u00f3 disponibles a Esser Serigraf\u00eda. Imprimim sobre tot tipus de materials, r\u00edgids, tous, materials naturals i artificials","robots":{"index":"index","follow":"follow","max-snippet":"max-snippet:-1","max-image-preview":"max-image-preview:large","max-video-preview":"max-video-preview:-1"},"canonical":"https:\/\/esserigrafia.com\/ca\/materials\/","og_locale":"ca_ES","og_type":"article","og_title":"Materials d'impressi\u00f3 disponibles - Esser Serigrafia Serigraf\u00eda","og_description":"Materials d'impressi\u00f3 disponibles a Esser Serigraf\u00eda. Imprimim sobre tot tipus de materials, r\u00edgids, tous, materials naturals i artificials","og_url":"https:\/\/esserigrafia.com\/ca\/materials\/","og_site_name":"Esser Serigrafia","article_modified_time":"2019-05-27T08:30:31+00:00","twitter_card":"summary_large_image","schema":{"@context":"https:\/\/schema.org","@graph":[{"@type":"WebPage","@id":"https:\/\/esserigrafia.com\/ca\/materials\/","url":"https:\/\/esserigrafia.com\/ca\/materials\/","name":"Materials d'impressi\u00f3 disponibles - Esser Serigrafia Serigraf\u00eda","isPartOf":{"@id":"https:\/\/esserigrafia.com\/#website"},"datePublished":"2019-03-13T11:31:59+00:00","dateModified":"2019-05-27T08:30:31+00:00","description":"Materials d'impressi\u00f3 disponibles a Esser Serigraf\u00eda. Imprimim sobre tot tipus de materials, r\u00edgids, tous, materials naturals i artificials","breadcrumb":{"@id":"https:\/\/esserigrafia.com\/ca\/materials\/#breadcrumb"},"inLanguage":"ca","potentialAction":[{"@type":"ReadAction","target":["https:\/\/esserigrafia.com\/ca\/materials\/"]}]},{"@type":"BreadcrumbList","@id":"https:\/\/esserigrafia.com\/ca\/materials\/#breadcrumb","itemListElement":[{"@type":"ListItem","position":1,"name":"Inici","item":"https:\/\/esserigrafia.com\/ca\/"},{"@type":"ListItem","position":2,"name":"Materials"}]},{"@type":"WebSite","@id":"https:\/\/esserigrafia.com\/#website","url":"https:\/\/esserigrafia.com\/","name":"Esser Serigrafia","description":"Impressi\u00f3 a Barcelona","publisher":{"@id":"https:\/\/esserigrafia.com\/#organization"},"potentialAction":[{"@type":"SearchAction","target":{"@type":"EntryPoint","urlTemplate":"https:\/\/esserigrafia.com\/?s={search_term_string}"},"query-input":"required name=search_term_string"}],"inLanguage":"ca"},{"@type":"Organization","@id":"https:\/\/esserigrafia.com\/#organization","name":"Esser Serigrafia","url":"https:\/\/esserigrafia.com\/","logo":{"@type":"ImageObject","inLanguage":"ca","@id":"https:\/\/esserigrafia.com\/#\/schema\/logo\/image\/","url":"https:\/\/esserigrafia.com\/wp-content\/uploads\/2017\/10\/logo.png","contentUrl":"https:\/\/esserigrafia.com\/wp-content\/uploads\/2017\/10\/logo.png","width":311,"height":36,"caption":"Esser Serigrafia"},"image":{"@id":"https:\/\/esserigrafia.com\/#\/schema\/logo\/image\/"},"sameAs":["https:\/\/www.youtube.com\/channel\/UCtbBTXM54W4HvQf58CfXTFQ"]}]}},"_links":{"self":[{"href":"https:\/\/esserigrafia.com\/ca\/wp-json\/wp\/v2\/pages\/519"}],"collection":[{"href":"https:\/\/esserigrafia.com\/ca\/wp-json\/wp\/v2\/pages"}],"about":[{"href":"https:\/\/esserigrafia.com\/ca\/wp-json\/wp\/v2\/types\/page"}],"author":[{"embeddable":true,"href":"https:\/\/esserigrafia.com\/ca\/wp-json\/wp\/v2\/users\/4"}],"replies":[{"embeddable":true,"href":"https:\/\/esserigrafia.com\/ca\/wp-json\/wp\/v2\/comments?post=519"}],"version-history":[{"count":1,"href":"https:\/\/esserigrafia.com\/ca\/wp-json\/wp\/v2\/pages\/519\/revisions"}],"predecessor-version":[{"id":520,"href":"https:\/\/esserigrafia.com\/ca\/wp-json\/wp\/v2\/pages\/519\/revisions\/520"}],"wp:attachment":[{"href":"https:\/\/esserigrafia.com\/ca\/wp-json\/wp\/v2\/media?parent=519"}],"curies":[{"name":"wp","href":"https:\/\/api.w.org\/{rel}","templated":true}]}}