{"id":260,"date":"2017-11-06T09:14:26","date_gmt":"2017-11-06T08:14:26","guid":{"rendered":"http:\/\/esserigrafia.com\/?page_id=260"},"modified":"2019-03-13T10:33:39","modified_gmt":"2019-03-13T09:33:39","slug":"tecniques-de-serigrafia","status":"publish","type":"page","link":"https:\/\/esserigrafia.com\/ca\/tecniques-de-serigrafia\/","title":{"rendered":"T\u00e8cniques d&#8217;impressi\u00f3 i marcatge"},"content":{"rendered":"<p>En ESSER oferim un ampli ventall de t\u00e8cniques de ser\u00edgrafia que ens permeten el tractat de tot tipus de productes i amb una gran varietat d&#8217;<a href=\"http:\/\/esserigrafia.com\/imprimir-sobre-objetos\/\">acabats<\/a><\/p>\n","protected":false},"excerpt":{"rendered":"<p>En ESSER oferim un ampli ventall de t\u00e8cniques de ser\u00edgrafia que ens permeten el tractat de tot tipus de productes i amb una gran varietat d&#8217;acabats<\/p>\n","protected":false},"author":4,"featured_media":0,"parent":0,"menu_order":0,"comment_status":"closed","ping_status":"closed","template":"template-tecnicas.php","meta":{"footnotes":""},"yoast_head":"<!-- This site is optimized with the Yoast SEO plugin v22.9 - https:\/\/yoast.com\/wordpress\/plugins\/seo\/ -->\n<title>T\u00e8cniques de ser\u00edgrafia ESSER, transfer, brodat, l\u00e0ser<\/title>\n<meta name=\"description\" content=\"En ESSER oferim un ampli ventall de t\u00e8cniques de ser\u00edgrafia que ens permeten el tractat de tot tipus de productes i amb una gran varietat d&#039;acabats\" \/>\n<meta name=\"robots\" content=\"index, follow, max-snippet:-1, max-image-preview:large, max-video-preview:-1\" \/>\n<link rel=\"canonical\" href=\"https:\/\/esserigrafia.com\/ca\/tecniques-de-serigrafia\/\" \/>\n<meta property=\"og:locale\" content=\"ca_ES\" \/>\n<meta property=\"og:type\" content=\"article\" \/>\n<meta property=\"og:title\" content=\"T\u00e8cniques de ser\u00edgrafia ESSER, transfer, brodat, l\u00e0ser\" \/>\n<meta property=\"og:description\" content=\"En ESSER oferim un ampli ventall de t\u00e8cniques de ser\u00edgrafia que ens permeten el tractat de tot tipus de productes i amb una gran varietat d&#039;acabats\" \/>\n<meta property=\"og:url\" content=\"https:\/\/esserigrafia.com\/ca\/tecniques-de-serigrafia\/\" \/>\n<meta property=\"og:site_name\" content=\"Esser Serigrafia\" \/>\n<meta property=\"article:modified_time\" content=\"2019-03-13T09:33:39+00:00\" \/>\n<meta name=\"twitter:card\" content=\"summary_large_image\" \/>\n<script type=\"application\/ld+json\" class=\"yoast-schema-graph\">{\"@context\":\"https:\/\/schema.org\",\"@graph\":[{\"@type\":\"WebPage\",\"@id\":\"https:\/\/esserigrafia.com\/ca\/tecniques-de-serigrafia\/\",\"url\":\"https:\/\/esserigrafia.com\/ca\/tecniques-de-serigrafia\/\",\"name\":\"T\u00e8cniques de ser\u00edgrafia ESSER, transfer, brodat, l\u00e0ser\",\"isPartOf\":{\"@id\":\"https:\/\/esserigrafia.com\/#website\"},\"datePublished\":\"2017-11-06T08:14:26+00:00\",\"dateModified\":\"2019-03-13T09:33:39+00:00\",\"description\":\"En ESSER oferim un ampli ventall de t\u00e8cniques de ser\u00edgrafia que ens permeten el tractat de tot tipus de productes i amb una gran varietat d'acabats\",\"breadcrumb\":{\"@id\":\"https:\/\/esserigrafia.com\/ca\/tecniques-de-serigrafia\/#breadcrumb\"},\"inLanguage\":\"ca\",\"potentialAction\":[{\"@type\":\"ReadAction\",\"target\":[\"https:\/\/esserigrafia.com\/ca\/tecniques-de-serigrafia\/\"]}]},{\"@type\":\"BreadcrumbList\",\"@id\":\"https:\/\/esserigrafia.com\/ca\/tecniques-de-serigrafia\/#breadcrumb\",\"itemListElement\":[{\"@type\":\"ListItem\",\"position\":1,\"name\":\"Inici\",\"item\":\"https:\/\/esserigrafia.com\/ca\/\"},{\"@type\":\"ListItem\",\"position\":2,\"name\":\"T\u00e8cniques d&#8217;impressi\u00f3 i marcatge\"}]},{\"@type\":\"WebSite\",\"@id\":\"https:\/\/esserigrafia.com\/#website\",\"url\":\"https:\/\/esserigrafia.com\/\",\"name\":\"Esser Serigrafia\",\"description\":\"Impressi\u00f3 a Barcelona\",\"publisher\":{\"@id\":\"https:\/\/esserigrafia.com\/#organization\"},\"potentialAction\":[{\"@type\":\"SearchAction\",\"target\":{\"@type\":\"EntryPoint\",\"urlTemplate\":\"https:\/\/esserigrafia.com\/?s={search_term_string}\"},\"query-input\":\"required name=search_term_string\"}],\"inLanguage\":\"ca\"},{\"@type\":\"Organization\",\"@id\":\"https:\/\/esserigrafia.com\/#organization\",\"name\":\"Esser Serigrafia\",\"url\":\"https:\/\/esserigrafia.com\/\",\"logo\":{\"@type\":\"ImageObject\",\"inLanguage\":\"ca\",\"@id\":\"https:\/\/esserigrafia.com\/#\/schema\/logo\/image\/\",\"url\":\"https:\/\/esserigrafia.com\/wp-content\/uploads\/2017\/10\/logo.png\",\"contentUrl\":\"https:\/\/esserigrafia.com\/wp-content\/uploads\/2017\/10\/logo.png\",\"width\":311,\"height\":36,\"caption\":\"Esser Serigrafia\"},\"image\":{\"@id\":\"https:\/\/esserigrafia.com\/#\/schema\/logo\/image\/\"},\"sameAs\":[\"https:\/\/www.youtube.com\/channel\/UCtbBTXM54W4HvQf58CfXTFQ\"]}]}<\/script>\n<!-- \/ Yoast SEO plugin. -->","yoast_head_json":{"title":"T\u00e8cniques de ser\u00edgrafia ESSER, transfer, brodat, l\u00e0ser","description":"En ESSER oferim un ampli ventall de t\u00e8cniques de ser\u00edgrafia que ens permeten el tractat de tot tipus de productes i amb una gran varietat d'acabats","robots":{"index":"index","follow":"follow","max-snippet":"max-snippet:-1","max-image-preview":"max-image-preview:large","max-video-preview":"max-video-preview:-1"},"canonical":"https:\/\/esserigrafia.com\/ca\/tecniques-de-serigrafia\/","og_locale":"ca_ES","og_type":"article","og_title":"T\u00e8cniques de ser\u00edgrafia ESSER, transfer, brodat, l\u00e0ser","og_description":"En ESSER oferim un ampli ventall de t\u00e8cniques de ser\u00edgrafia que ens permeten el tractat de tot tipus de productes i amb una gran varietat d'acabats","og_url":"https:\/\/esserigrafia.com\/ca\/tecniques-de-serigrafia\/","og_site_name":"Esser Serigrafia","article_modified_time":"2019-03-13T09:33:39+00:00","twitter_card":"summary_large_image","schema":{"@context":"https:\/\/schema.org","@graph":[{"@type":"WebPage","@id":"https:\/\/esserigrafia.com\/ca\/tecniques-de-serigrafia\/","url":"https:\/\/esserigrafia.com\/ca\/tecniques-de-serigrafia\/","name":"T\u00e8cniques de ser\u00edgrafia ESSER, transfer, brodat, l\u00e0ser","isPartOf":{"@id":"https:\/\/esserigrafia.com\/#website"},"datePublished":"2017-11-06T08:14:26+00:00","dateModified":"2019-03-13T09:33:39+00:00","description":"En ESSER oferim un ampli ventall de t\u00e8cniques de ser\u00edgrafia que ens permeten el tractat de tot tipus de productes i amb una gran varietat d'acabats","breadcrumb":{"@id":"https:\/\/esserigrafia.com\/ca\/tecniques-de-serigrafia\/#breadcrumb"},"inLanguage":"ca","potentialAction":[{"@type":"ReadAction","target":["https:\/\/esserigrafia.com\/ca\/tecniques-de-serigrafia\/"]}]},{"@type":"BreadcrumbList","@id":"https:\/\/esserigrafia.com\/ca\/tecniques-de-serigrafia\/#breadcrumb","itemListElement":[{"@type":"ListItem","position":1,"name":"Inici","item":"https:\/\/esserigrafia.com\/ca\/"},{"@type":"ListItem","position":2,"name":"T\u00e8cniques d&#8217;impressi\u00f3 i marcatge"}]},{"@type":"WebSite","@id":"https:\/\/esserigrafia.com\/#website","url":"https:\/\/esserigrafia.com\/","name":"Esser Serigrafia","description":"Impressi\u00f3 a Barcelona","publisher":{"@id":"https:\/\/esserigrafia.com\/#organization"},"potentialAction":[{"@type":"SearchAction","target":{"@type":"EntryPoint","urlTemplate":"https:\/\/esserigrafia.com\/?s={search_term_string}"},"query-input":"required name=search_term_string"}],"inLanguage":"ca"},{"@type":"Organization","@id":"https:\/\/esserigrafia.com\/#organization","name":"Esser Serigrafia","url":"https:\/\/esserigrafia.com\/","logo":{"@type":"ImageObject","inLanguage":"ca","@id":"https:\/\/esserigrafia.com\/#\/schema\/logo\/image\/","url":"https:\/\/esserigrafia.com\/wp-content\/uploads\/2017\/10\/logo.png","contentUrl":"https:\/\/esserigrafia.com\/wp-content\/uploads\/2017\/10\/logo.png","width":311,"height":36,"caption":"Esser Serigrafia"},"image":{"@id":"https:\/\/esserigrafia.com\/#\/schema\/logo\/image\/"},"sameAs":["https:\/\/www.youtube.com\/channel\/UCtbBTXM54W4HvQf58CfXTFQ"]}]}},"_links":{"self":[{"href":"https:\/\/esserigrafia.com\/ca\/wp-json\/wp\/v2\/pages\/260"}],"collection":[{"href":"https:\/\/esserigrafia.com\/ca\/wp-json\/wp\/v2\/pages"}],"about":[{"href":"https:\/\/esserigrafia.com\/ca\/wp-json\/wp\/v2\/types\/page"}],"author":[{"embeddable":true,"href":"https:\/\/esserigrafia.com\/ca\/wp-json\/wp\/v2\/users\/4"}],"replies":[{"embeddable":true,"href":"https:\/\/esserigrafia.com\/ca\/wp-json\/wp\/v2\/comments?post=260"}],"version-history":[{"count":4,"href":"https:\/\/esserigrafia.com\/ca\/wp-json\/wp\/v2\/pages\/260\/revisions"}],"predecessor-version":[{"id":812,"href":"https:\/\/esserigrafia.com\/ca\/wp-json\/wp\/v2\/pages\/260\/revisions\/812"}],"wp:attachment":[{"href":"https:\/\/esserigrafia.com\/ca\/wp-json\/wp\/v2\/media?parent=260"}],"curies":[{"name":"wp","href":"https:\/\/api.w.org\/{rel}","templated":true}]}}