{"id":1754,"date":"2024-06-20T09:34:45","date_gmt":"2024-06-20T07:34:45","guid":{"rendered":"https:\/\/esserigrafia.com\/?page_id=1754"},"modified":"2024-07-02T10:53:34","modified_gmt":"2024-07-02T08:53:34","slug":"serigrafia-sostenible-innovacio-compromis-ambiental","status":"publish","type":"page","link":"https:\/\/esserigrafia.com\/ca\/serigrafia-sostenible-innovacio-compromis-ambiental\/","title":{"rendered":"Serigrafia sostenible"},"content":{"rendered":"\n<h2 class=\"wp-block-heading\"><mark style=\"background-color:rgba(0, 0, 0, 0)\" class=\"has-inline-color has-luminous-vivid-amber-color\"><strong>Innovaci\u00f3 i comprom\u00eds amb el medi ambient<\/strong><\/mark><\/h2>\n\n\n\n<div style=\"height:20px\" aria-hidden=\"true\" class=\"wp-block-spacer\"><\/div>\n\n\n\n<figure class=\"wp-block-image size-large\"><img loading=\"lazy\" decoding=\"async\" width=\"1024\" height=\"581\" src=\"https:\/\/esserigrafia.com\/wp-content\/uploads\/2024\/06\/cabecera-que-es-serigrafia-1024x581.jpeg\" alt=\"\" class=\"wp-image-1732\" srcset=\"https:\/\/esserigrafia.com\/wp-content\/uploads\/2024\/06\/cabecera-que-es-serigrafia-1024x581.jpeg 1024w, https:\/\/esserigrafia.com\/wp-content\/uploads\/2024\/06\/cabecera-que-es-serigrafia-300x170.jpeg 300w, https:\/\/esserigrafia.com\/wp-content\/uploads\/2024\/06\/cabecera-que-es-serigrafia-768x435.jpeg 768w, https:\/\/esserigrafia.com\/wp-content\/uploads\/2024\/06\/cabecera-que-es-serigrafia-1536x871.jpeg 1536w, https:\/\/esserigrafia.com\/wp-content\/uploads\/2024\/06\/cabecera-que-es-serigrafia.jpeg 1725w\" sizes=\"(max-width: 1024px) 100vw, 1024px\" \/><\/figure>\n\n\n\n<div style=\"height:10px\" aria-hidden=\"true\" class=\"wp-block-spacer\"><\/div>\n\n\n\n<p>La serigrafia sostenible s&#8217;ha convertit en una tend\u00e8ncia creixent en el m\u00f3n de la impressi\u00f3, impulsada per la creixent preocupaci\u00f3 pel medi ambient i la recerca de pr\u00e0ctiques m\u00e9s ecol\u00f2giques en totes les ind\u00fastries. <\/p>\n\n\n\n<p>A <strong>Esser Serigrafia Barcelona<\/strong>, estem compromesos amb la sostenibilitat i oferim solucions innovadores que combinen qualitat i responsabilitat ambiental. A continuaci\u00f3, explorarem com la serigrafia sostenible est\u00e0 transformant la ind\u00fastria, els tipus de tintes i suports utilitzats, i les aplicacions pr\u00e0ctiques en productes ecol\u00f2gics.<\/p>\n\n\n\n<div style=\"height:50px\" aria-hidden=\"true\" class=\"wp-block-spacer\"><\/div>\n\n\n\n<h2 class=\"wp-block-heading\"><mark style=\"background-color:rgba(0, 0, 0, 0)\" class=\"has-inline-color has-luminous-vivid-amber-color\"><strong>Serigrafia sostenible: <\/strong><\/mark><\/h2>\n\n\n\n<div class=\"wp-block-columns is-layout-flex wp-container-core-columns-is-layout-1 wp-block-columns-is-layout-flex\">\n<div class=\"wp-block-column is-vertically-aligned-center is-layout-flow wp-block-column-is-layout-flow\" style=\"flex-basis:33.33%\"><div class=\"wp-block-image\">\n<figure class=\"aligncenter size-large is-resized\"><img loading=\"lazy\" decoding=\"async\" width=\"1024\" height=\"576\" src=\"https:\/\/esserigrafia.com\/wp-content\/uploads\/2024\/06\/69-1-1024x576.webp\" alt=\"La serigrafia sostenible implica l'\u00fas de materials i processos que minimitzen l'impacte ambiental. \" class=\"wp-image-1756\" style=\"width:259px;height:auto\" srcset=\"https:\/\/esserigrafia.com\/wp-content\/uploads\/2024\/06\/69-1-1024x576.webp 1024w, https:\/\/esserigrafia.com\/wp-content\/uploads\/2024\/06\/69-1-300x169.webp 300w, https:\/\/esserigrafia.com\/wp-content\/uploads\/2024\/06\/69-1-768x432.webp 768w, https:\/\/esserigrafia.com\/wp-content\/uploads\/2024\/06\/69-1.webp 1280w\" sizes=\"(max-width: 1024px) 100vw, 1024px\" \/><\/figure><\/div><\/div>\n\n\n\n<div class=\"wp-block-column is-layout-flow wp-block-column-is-layout-flow\" style=\"flex-basis:66.66%\">\n<h3 class=\"wp-block-heading\"><mark style=\"background-color:rgba(0, 0, 0, 0)\" class=\"has-inline-color has-black-color\">Qu\u00e8 \u00e9s i per qu\u00e8 importa?<\/mark><\/h3>\n\n\n\n<p>La serigrafia sostenible implica l&#8217;\u00fas de materials i processos que minimitzen l&#8217;impacte ambiental. Aix\u00f2 inclou la utilitzaci\u00f3 de tintes ecol\u00f2giques, paper reciclat i t\u00e8cniques d&#8217;impressi\u00f3 que redueixen el consum d&#8217;aigua i energia. En optar per pr\u00e0ctiques sostenibles, les empreses no nom\u00e9s contribueixen a la protecci\u00f3 del medi ambient, sin\u00f3 que tamb\u00e9 responen a la demanda creixent dels consumidors per productes m\u00e9s ecol\u00f2gics.<\/p>\n<\/div>\n<\/div>\n\n\n\n<div style=\"height:50px\" aria-hidden=\"true\" class=\"wp-block-spacer\"><\/div>\n\n\n\n<h2 class=\"wp-block-heading\"><mark style=\"background-color:rgba(0, 0, 0, 0)\" class=\"has-inline-color has-luminous-vivid-amber-color\">Impressi\u00f3 per aigua:<\/mark><\/h2>\n\n\n\n<div class=\"wp-block-columns is-layout-flex wp-container-core-columns-is-layout-2 wp-block-columns-is-layout-flex\">\n<div class=\"wp-block-column is-layout-flow wp-block-column-is-layout-flow\" style=\"flex-basis:66.66%\">\n<h3 class=\"wp-block-heading\"><mark style=\"background-color:rgba(0, 0, 0, 0)\" class=\"has-inline-color has-black-color\">Una t\u00e8cnica ecol\u00f2gica<\/mark><\/h3>\n\n\n\n<p>Una de les t\u00e8cniques m\u00e9s innovadores en la impremta ecol\u00f2gica \u00e9s la impressi\u00f3 per aigua. Aquest m\u00e8tode utilitza aigua en lloc de dissolvents qu\u00edmics per transferir les tintes al substrat. La impressi\u00f3 per aigua \u00e9s menys contaminant i redueix significativament l&#8217;emissi\u00f3 de compostos org\u00e0nics vol\u00e0tils (COVs), la qual cosa la converteix en una opci\u00f3 preferida per a aquells que busquen minimitzar la seva petjada de carboni.<\/p>\n<\/div>\n\n\n\n<div class=\"wp-block-column is-vertically-aligned-center is-layout-flow wp-block-column-is-layout-flow\" style=\"flex-basis:33.33%\">\n<figure class=\"wp-block-image size-full\"><img loading=\"lazy\" decoding=\"async\" width=\"512\" height=\"393\" src=\"https:\/\/esserigrafia.com\/wp-content\/uploads\/2024\/06\/unnamed3-1.jpeg\" alt=\"Una de les t\u00e8cniques m\u00e9s innovadores en la impremta ecol\u00f2gica \u00e9s la impressi\u00f3 per aigua.\" class=\"wp-image-1758\" srcset=\"https:\/\/esserigrafia.com\/wp-content\/uploads\/2024\/06\/unnamed3-1.jpeg 512w, https:\/\/esserigrafia.com\/wp-content\/uploads\/2024\/06\/unnamed3-1-300x230.jpeg 300w\" sizes=\"(max-width: 512px) 100vw, 512px\" \/><\/figure>\n<\/div>\n<\/div>\n\n\n\n<div style=\"height:70px\" aria-hidden=\"true\" class=\"wp-block-spacer\"><\/div>\n\n\n\n<h2 class=\"wp-block-heading\"><mark style=\"background-color:rgba(0, 0, 0, 0)\" class=\"has-inline-color has-luminous-vivid-amber-color\">Paper ecol\u00f2gic per a impressi\u00f3:<\/mark><\/h2>\n\n\n\n<div class=\"wp-block-columns is-layout-flex wp-container-core-columns-is-layout-3 wp-block-columns-is-layout-flex\">\n<div class=\"wp-block-column is-vertically-aligned-center is-layout-flow wp-block-column-is-layout-flow\" style=\"flex-basis:33.33%\">\n<figure class=\"wp-block-image size-full\"><img loading=\"lazy\" decoding=\"async\" width=\"980\" height=\"653\" src=\"https:\/\/esserigrafia.com\/wp-content\/uploads\/2024\/06\/CRUDO-Papeles-sostenibles-mix-12-980x653-1-1.webp\" alt=\"El paper ecol\u00f2gic per a impressi\u00f3 \u00e9s un altre component clau en la serigrafia sostenible. \" class=\"wp-image-1760\" srcset=\"https:\/\/esserigrafia.com\/wp-content\/uploads\/2024\/06\/CRUDO-Papeles-sostenibles-mix-12-980x653-1-1.webp 980w, https:\/\/esserigrafia.com\/wp-content\/uploads\/2024\/06\/CRUDO-Papeles-sostenibles-mix-12-980x653-1-1-300x200.webp 300w, https:\/\/esserigrafia.com\/wp-content\/uploads\/2024\/06\/CRUDO-Papeles-sostenibles-mix-12-980x653-1-1-768x512.webp 768w\" sizes=\"(max-width: 980px) 100vw, 980px\" \/><\/figure>\n<\/div>\n\n\n\n<div class=\"wp-block-column is-layout-flow wp-block-column-is-layout-flow\" style=\"flex-basis:66.66%\">\n<h3 class=\"wp-block-heading\">Una elecci\u00f3 responsable<\/h3>\n\n\n\n<p>El paper ecol\u00f2gic per a impressi\u00f3 \u00e9s un altre component clau en la serigrafia sostenible. Aquest paper est\u00e0 fabricat a partir de materials reciclats o prov\u00e9 de fonts sostenibles certificades. Utilitzar paper ecol\u00f2gic no nom\u00e9s redueix la desforestaci\u00f3, sin\u00f3 que tamb\u00e9 disminueix el consum d&#8217;aigua i energia durant el proc\u00e9s de producci\u00f3. A Esser Serigrafia Barcelona, oferim una \u00e0mplia gamma de papers ecol\u00f2gics per satisfer les necessitats dels nostres clients compromesos amb la sostenibilitat.<\/p>\n<\/div>\n<\/div>\n\n\n\n<div style=\"height:70px\" aria-hidden=\"true\" class=\"wp-block-spacer\"><\/div>\n\n\n\n<h2 class=\"wp-block-heading\"><mark style=\"background-color:rgba(0, 0, 0, 0)\" class=\"has-inline-color has-luminous-vivid-amber-color\">Tipus de tintes per a serigrafia:<\/mark><\/h2>\n\n\n\n<h3 class=\"wp-block-heading\">Opcions ecol\u00f2giques<\/h3>\n\n\n\n<p>L&#8217;elecci\u00f3 de les tintes \u00e9s crucial per a la serigrafia sostenible. A continuaci\u00f3, es detallen alguns tipus de tintes ecol\u00f2giques que s&#8217;utilitzen en la impressi\u00f3 sostenible:<\/p>\n\n\n\n<ul>\n<li><strong>Tintes a l&#8217;aigua:<\/strong> S\u00f3n les m\u00e9s comunes en la serigrafia sostenible. Aquestes tintes no contenen dissolvents t\u00f2xics i s\u00f3n f\u00e0cilment biodegradables. S\u00f3n ideals per a imprimir en paper i t\u00e8xtils, proporcionant colors vibrants i duradors.<\/li>\n<\/ul>\n\n\n\n<p><\/p>\n\n\n\n<ul>\n<li><strong>Tintes UV: <\/strong>Encara que requereixen llum ultraviolada per al seu curat, les tintes UV modernes estan formulades per ser menys perjudicials per al medi ambient. No contenen COVs i tenen una alta efici\u00e8ncia energ\u00e8tica.<\/li>\n<\/ul>\n\n\n\n<p><\/p>\n\n\n\n<ul>\n<li><strong>Tintes ecol\u00f2giques: <\/strong>Fabricades a partir de materials naturals i renovables, aquestes tintes redueixen la depend\u00e8ncia dels productes petroqu\u00edmics. S\u00f3n perfectes per a imprimir en una varietat de substrats, incloent paper i t\u00e8xtils.<\/li>\n<\/ul>\n\n\n\n<div style=\"height:70px\" aria-hidden=\"true\" class=\"wp-block-spacer\"><\/div>\n\n\n\n<h2 class=\"wp-block-heading\"><mark style=\"background-color:rgba(0, 0, 0, 0)\" class=\"has-inline-color has-luminous-vivid-amber-color\">Aplicacions pr\u00e0ctiques:<\/mark><\/h2>\n\n\n\n<h3 class=\"wp-block-heading\">Bosses i gorres ecol\u00f2giques<\/h3>\n\n\n\n<p>Imprimir bosses i gorres ecol\u00f2giques a trav\u00e9s de la serigrafia sostenible \u00e9s una excel\u00b7lent opci\u00f3 per a les empreses que busquen promoure la seva marca de manera sostenible. Les bosses i gorres impreses amb tintes ecol\u00f2giques no nom\u00e9s s\u00f3n atractives i duradores, sin\u00f3 que tamb\u00e9 envien un missatge poder\u00f3s sobre el comprom\u00eds de l&#8217;empresa amb el medi ambient.<\/p>\n\n\n\n<div style=\"height:25px\" aria-hidden=\"true\" class=\"wp-block-spacer\"><\/div>\n\n\n\n<h3 class=\"wp-block-heading\">Bosses ecol\u00f2giques<\/h3>\n\n\n\n<p>Les bosses ecol\u00f2giques, fetes de materials com cot\u00f3 org\u00e0nic, jute o poli\u00e8ster reciclat, s\u00f3n ideals per a esdeveniments corporatius, fires i campanyes promocionals. En utilitzar tintes a l&#8217;aigua per a la impressi\u00f3, es garanteix que aquestes bosses siguin completament biodegradables i segures per al medi ambient. A m\u00e9s, la seva durabilitat i est\u00e8tica les converteixen en un producte promocional altament efectiu.<\/p>\n\n\n\n<div style=\"height:25px\" aria-hidden=\"true\" class=\"wp-block-spacer\"><\/div>\n\n\n\n<h3 class=\"wp-block-heading\">Gorres ecol\u00f2giques<\/h3>\n\n\n\n<p>Les gorres ecol\u00f2giques s\u00f3n un altre producte popular en la serigrafia sostenible. Fabricades amb materials com cot\u00f3 org\u00e0nic i poli\u00e8ster reciclat, aquestes gorres poden ser personalitzades amb logotips i missatges utilitzant tintes ecol\u00f2giques. S\u00f3n perfectes per a uniformes corporatius, regals promocionals i merchandising, destacant el comprom\u00eds de l&#8217;empresa amb la sostenibilitat.<\/p>\n\n\n\n<div style=\"height:70px\" aria-hidden=\"true\" class=\"wp-block-spacer\"><\/div>\n\n\n\n<h2 class=\"wp-block-heading\"><mark style=\"background-color:rgba(0, 0, 0, 0)\" class=\"has-inline-color has-luminous-vivid-amber-color\">Beneficis de la serigrafia sostenible<\/mark><\/h2>\n\n\n\n<p>Optar per la serigrafia sostenible ens ofereix m\u00faltiples beneficis tant per a les empreses com per al medi ambient:<\/p>\n\n\n\n<p><\/p>\n\n\n\n<ul>\n<li><strong>Reducci\u00f3 de la petjada de carboni:<\/strong> En utilitzar materials i processos ecol\u00f2gics, es disminueix significativament l&#8217;emissi\u00f3 de gasos d&#8217;efecte hivernacle.<\/li>\n<\/ul>\n\n\n\n<p><\/p>\n\n\n\n<ul>\n<li><strong>Imatge corporativa positiva:<\/strong> Les empreses que adopten pr\u00e0ctiques sostenibles milloren la seva reputaci\u00f3 i atrauen consumidors conscients del medi ambient.<\/li>\n<\/ul>\n\n\n\n<p><\/p>\n\n\n\n<ul>\n<li><strong>Qualitat i durabilitat:<\/strong> Les tintes ecol\u00f2giques i els papers reciclats no comprometen la qualitat d&#8217;impressi\u00f3, oferint resultats igual de vibrants i duradors que els m\u00e8todes tradicionals.<\/li>\n<\/ul>\n\n\n\n<p><\/p>\n\n\n\n<ul>\n<li><strong>Compliment normatiu:<\/strong> La serigrafia sostenible assegura que les empreses compleixin amb les normatives ambientals cada vegada m\u00e9s estrictes.<\/li>\n<\/ul>\n\n\n\n<div style=\"height:50px\" aria-hidden=\"true\" class=\"wp-block-spacer\"><\/div>\n\n\n\n<h2 class=\"wp-block-heading\"><mark style=\"background-color:rgba(0, 0, 0, 0)\" class=\"has-inline-color has-luminous-vivid-amber-color\">Aquests s\u00f3n tan sols alguns dels beneficis que ens ofereix la serigrafia sostenible.<\/mark><\/h2>\n\n\n\n<p>A continuaci\u00f3 us deixem un parell d&#8217;articles on es detalla de manera m\u00e9s \u00e0mplia les qualitats i beneficis d&#8217;aquesta t\u00e8cnica d&#8217;impressi\u00f3:<\/p>\n\n\n\n<p><\/p>\n\n\n\n<ul>\n<li><a href=\"https:\/\/oralaborastudio.es\/sostenibilidad-huella-de-carbono-carbon-neutral\/\">Sostenibilitat i transpar\u00e8ncia: Eliminem la nostra petjada de carboni<\/a><\/li>\n<\/ul>\n\n\n\n<p><\/p>\n\n\n\n<ul>\n<li><a href=\"https:\/\/bonsaidejengibre.es\/serigrafia-sostenible-personalizacion-textil-y-moda-etica\/\">Serigrafia sostenible; Personalitzaci\u00f3 t\u00e8xtil i moda \u00e8tica<\/a><\/li>\n<\/ul>\n\n\n\n<div style=\"height:50px\" aria-hidden=\"true\" class=\"wp-block-spacer\"><\/div>\n\n\n\n<h2 class=\"wp-block-heading\"><mark style=\"background-color:rgba(0, 0, 0, 0)\" class=\"has-inline-color has-luminous-vivid-amber-color\">Conclusions<\/mark><\/h2>\n\n\n\n<p>La serigrafia sostenible representa un avan\u00e7 significatiu en la impremta ecol\u00f2gica, oferint solucions que combinen qualitat, creativitat i responsabilitat ambiental. A <strong>Esser Serigrafia Barcelona<\/strong>, estem dedicats a proporcionar serveis d&#8217;impressi\u00f3 que no nom\u00e9s compleixen amb els m\u00e9s alts est\u00e0ndards de qualitat, sin\u00f3 que tamb\u00e9 reflecteixen el nostre comprom\u00eds amb la sostenibilitat. Ja sigui que necessitis imprimir en paper ecol\u00f2gic, utilitzar tintes a l&#8217;aigua o crear productes promocionals com bosses i gorres ecol\u00f2giques, estem aqu\u00ed per ajudar-te a portar els teus projectes al seg\u00fcent nivell de sostenibilitat.<\/p>\n\n\n\n<div style=\"height:50px\" aria-hidden=\"true\" class=\"wp-block-spacer\"><\/div>\n\n\n\n<h2 class=\"wp-block-heading has-text-align-center\"><mark style=\"background-color:rgba(0, 0, 0, 0)\" class=\"has-inline-color has-luminous-vivid-amber-color\">Contacta&#8217;ns per descobrir com podem portar les teves idees d&#8217;impressi\u00f3 d&#8217;una manera m\u00e9s sostenible i ecol\u00f2gica!<\/mark><\/h2>\n\n\n\n<div style=\"height:10px\" aria-hidden=\"true\" class=\"wp-block-spacer\"><\/div>\n\n\n\n<div class=\"wp-block-buttons is-content-justification-center is-layout-flex wp-container-core-buttons-is-layout-1 wp-block-buttons-is-layout-flex\">\n<div class=\"wp-block-button\"><a class=\"wp-block-button__link has-text-align-center wp-element-button\" href=\"https:\/\/esserigrafia.com\/ca\/contacte-esser\/\">CONTACTA<\/a><\/div>\n<\/div>\n","protected":false},"excerpt":{"rendered":"<p>Innovaci\u00f3 i comprom\u00eds amb el medi ambient La serigrafia sostenible s&#8217;ha convertit en una tend\u00e8ncia creixent en el m\u00f3n de la impressi\u00f3, impulsada per la creixent preocupaci\u00f3 pel medi ambient i la recerca de pr\u00e0ctiques [&hellip;]<\/p>\n","protected":false},"author":5,"featured_media":0,"parent":0,"menu_order":0,"comment_status":"closed","ping_status":"closed","template":"template-productos.php","meta":{"footnotes":""},"yoast_head":"<!-- This site is optimized with the Yoast SEO plugin v22.9 - https:\/\/yoast.com\/wordpress\/plugins\/seo\/ -->\n<title>Serigrafia sostenible - Esser Serigrafia - Innovaci\u00f3 i Comprom\u00eds Ambiental<\/title>\n<meta name=\"description\" content=\"Descobreix com la serigrafia sostenible a Esser Serigrafia Barcelona combina qualitat i responsabilitat ambiental. Explora les nostres tintes ecol\u00f2giques, paper reciclat i productes promocionals ecol\u00f2gics.\" \/>\n<meta name=\"robots\" content=\"index, follow, max-snippet:-1, max-image-preview:large, max-video-preview:-1\" \/>\n<link rel=\"canonical\" href=\"https:\/\/esserigrafia.com\/ca\/serigrafia-sostenible-innovacio-compromis-ambiental\/\" \/>\n<meta property=\"og:locale\" content=\"ca_ES\" \/>\n<meta property=\"og:type\" content=\"article\" \/>\n<meta property=\"og:title\" content=\"Serigrafia sostenible - Esser Serigrafia - Innovaci\u00f3 i Comprom\u00eds Ambiental\" \/>\n<meta property=\"og:description\" content=\"Descobreix com la serigrafia sostenible a Esser Serigrafia Barcelona combina qualitat i responsabilitat ambiental. Explora les nostres tintes ecol\u00f2giques, paper reciclat i productes promocionals ecol\u00f2gics.\" \/>\n<meta property=\"og:url\" content=\"https:\/\/esserigrafia.com\/ca\/serigrafia-sostenible-innovacio-compromis-ambiental\/\" \/>\n<meta property=\"og:site_name\" content=\"Esser Serigrafia\" \/>\n<meta property=\"article:modified_time\" content=\"2024-07-02T08:53:34+00:00\" \/>\n<meta property=\"og:image\" content=\"https:\/\/esserigrafia.com\/wp-content\/uploads\/2024\/06\/cabecera-que-es-serigrafia-1024x581.jpeg\" \/>\n<meta name=\"twitter:card\" content=\"summary_large_image\" \/>\n<meta name=\"twitter:label1\" content=\"Temps estimat de lectura\" \/>\n\t<meta name=\"twitter:data1\" content=\"5 minuts\" \/>\n<script type=\"application\/ld+json\" class=\"yoast-schema-graph\">{\"@context\":\"https:\/\/schema.org\",\"@graph\":[{\"@type\":\"WebPage\",\"@id\":\"https:\/\/esserigrafia.com\/ca\/serigrafia-sostenible-innovacio-compromis-ambiental\/\",\"url\":\"https:\/\/esserigrafia.com\/ca\/serigrafia-sostenible-innovacio-compromis-ambiental\/\",\"name\":\"Serigrafia sostenible - Esser Serigrafia - Innovaci\u00f3 i Comprom\u00eds Ambiental\",\"isPartOf\":{\"@id\":\"https:\/\/esserigrafia.com\/#website\"},\"primaryImageOfPage\":{\"@id\":\"https:\/\/esserigrafia.com\/ca\/serigrafia-sostenible-innovacio-compromis-ambiental\/#primaryimage\"},\"image\":{\"@id\":\"https:\/\/esserigrafia.com\/ca\/serigrafia-sostenible-innovacio-compromis-ambiental\/#primaryimage\"},\"thumbnailUrl\":\"https:\/\/esserigrafia.com\/wp-content\/uploads\/2024\/06\/cabecera-que-es-serigrafia-1024x581.jpeg\",\"datePublished\":\"2024-06-20T07:34:45+00:00\",\"dateModified\":\"2024-07-02T08:53:34+00:00\",\"description\":\"Descobreix com la serigrafia sostenible a Esser Serigrafia Barcelona combina qualitat i responsabilitat ambiental. Explora les nostres tintes ecol\u00f2giques, paper reciclat i productes promocionals ecol\u00f2gics.\",\"breadcrumb\":{\"@id\":\"https:\/\/esserigrafia.com\/ca\/serigrafia-sostenible-innovacio-compromis-ambiental\/#breadcrumb\"},\"inLanguage\":\"ca\",\"potentialAction\":[{\"@type\":\"ReadAction\",\"target\":[\"https:\/\/esserigrafia.com\/ca\/serigrafia-sostenible-innovacio-compromis-ambiental\/\"]}]},{\"@type\":\"ImageObject\",\"inLanguage\":\"ca\",\"@id\":\"https:\/\/esserigrafia.com\/ca\/serigrafia-sostenible-innovacio-compromis-ambiental\/#primaryimage\",\"url\":\"https:\/\/esserigrafia.com\/wp-content\/uploads\/2024\/06\/cabecera-que-es-serigrafia-1024x581.jpeg\",\"contentUrl\":\"https:\/\/esserigrafia.com\/wp-content\/uploads\/2024\/06\/cabecera-que-es-serigrafia-1024x581.jpeg\"},{\"@type\":\"BreadcrumbList\",\"@id\":\"https:\/\/esserigrafia.com\/ca\/serigrafia-sostenible-innovacio-compromis-ambiental\/#breadcrumb\",\"itemListElement\":[{\"@type\":\"ListItem\",\"position\":1,\"name\":\"Inici\",\"item\":\"https:\/\/esserigrafia.com\/ca\/\"},{\"@type\":\"ListItem\",\"position\":2,\"name\":\"Serigrafia sostenible\"}]},{\"@type\":\"WebSite\",\"@id\":\"https:\/\/esserigrafia.com\/#website\",\"url\":\"https:\/\/esserigrafia.com\/\",\"name\":\"Esser Serigrafia\",\"description\":\"Impressi\u00f3 a Barcelona\",\"publisher\":{\"@id\":\"https:\/\/esserigrafia.com\/#organization\"},\"potentialAction\":[{\"@type\":\"SearchAction\",\"target\":{\"@type\":\"EntryPoint\",\"urlTemplate\":\"https:\/\/esserigrafia.com\/?s={search_term_string}\"},\"query-input\":\"required name=search_term_string\"}],\"inLanguage\":\"ca\"},{\"@type\":\"Organization\",\"@id\":\"https:\/\/esserigrafia.com\/#organization\",\"name\":\"Esser Serigrafia\",\"url\":\"https:\/\/esserigrafia.com\/\",\"logo\":{\"@type\":\"ImageObject\",\"inLanguage\":\"ca\",\"@id\":\"https:\/\/esserigrafia.com\/#\/schema\/logo\/image\/\",\"url\":\"https:\/\/esserigrafia.com\/wp-content\/uploads\/2017\/10\/logo.png\",\"contentUrl\":\"https:\/\/esserigrafia.com\/wp-content\/uploads\/2017\/10\/logo.png\",\"width\":311,\"height\":36,\"caption\":\"Esser Serigrafia\"},\"image\":{\"@id\":\"https:\/\/esserigrafia.com\/#\/schema\/logo\/image\/\"},\"sameAs\":[\"https:\/\/www.youtube.com\/channel\/UCtbBTXM54W4HvQf58CfXTFQ\"]}]}<\/script>\n<!-- \/ Yoast SEO plugin. -->","yoast_head_json":{"title":"Serigrafia sostenible - Esser Serigrafia - Innovaci\u00f3 i Comprom\u00eds Ambiental","description":"Descobreix com la serigrafia sostenible a Esser Serigrafia Barcelona combina qualitat i responsabilitat ambiental. Explora les nostres tintes ecol\u00f2giques, paper reciclat i productes promocionals ecol\u00f2gics.","robots":{"index":"index","follow":"follow","max-snippet":"max-snippet:-1","max-image-preview":"max-image-preview:large","max-video-preview":"max-video-preview:-1"},"canonical":"https:\/\/esserigrafia.com\/ca\/serigrafia-sostenible-innovacio-compromis-ambiental\/","og_locale":"ca_ES","og_type":"article","og_title":"Serigrafia sostenible - Esser Serigrafia - Innovaci\u00f3 i Comprom\u00eds Ambiental","og_description":"Descobreix com la serigrafia sostenible a Esser Serigrafia Barcelona combina qualitat i responsabilitat ambiental. Explora les nostres tintes ecol\u00f2giques, paper reciclat i productes promocionals ecol\u00f2gics.","og_url":"https:\/\/esserigrafia.com\/ca\/serigrafia-sostenible-innovacio-compromis-ambiental\/","og_site_name":"Esser Serigrafia","article_modified_time":"2024-07-02T08:53:34+00:00","og_image":[{"url":"https:\/\/esserigrafia.com\/wp-content\/uploads\/2024\/06\/cabecera-que-es-serigrafia-1024x581.jpeg"}],"twitter_card":"summary_large_image","twitter_misc":{"Temps estimat de lectura":"5 minuts"},"schema":{"@context":"https:\/\/schema.org","@graph":[{"@type":"WebPage","@id":"https:\/\/esserigrafia.com\/ca\/serigrafia-sostenible-innovacio-compromis-ambiental\/","url":"https:\/\/esserigrafia.com\/ca\/serigrafia-sostenible-innovacio-compromis-ambiental\/","name":"Serigrafia sostenible - Esser Serigrafia - Innovaci\u00f3 i Comprom\u00eds Ambiental","isPartOf":{"@id":"https:\/\/esserigrafia.com\/#website"},"primaryImageOfPage":{"@id":"https:\/\/esserigrafia.com\/ca\/serigrafia-sostenible-innovacio-compromis-ambiental\/#primaryimage"},"image":{"@id":"https:\/\/esserigrafia.com\/ca\/serigrafia-sostenible-innovacio-compromis-ambiental\/#primaryimage"},"thumbnailUrl":"https:\/\/esserigrafia.com\/wp-content\/uploads\/2024\/06\/cabecera-que-es-serigrafia-1024x581.jpeg","datePublished":"2024-06-20T07:34:45+00:00","dateModified":"2024-07-02T08:53:34+00:00","description":"Descobreix com la serigrafia sostenible a Esser Serigrafia Barcelona combina qualitat i responsabilitat ambiental. Explora les nostres tintes ecol\u00f2giques, paper reciclat i productes promocionals ecol\u00f2gics.","breadcrumb":{"@id":"https:\/\/esserigrafia.com\/ca\/serigrafia-sostenible-innovacio-compromis-ambiental\/#breadcrumb"},"inLanguage":"ca","potentialAction":[{"@type":"ReadAction","target":["https:\/\/esserigrafia.com\/ca\/serigrafia-sostenible-innovacio-compromis-ambiental\/"]}]},{"@type":"ImageObject","inLanguage":"ca","@id":"https:\/\/esserigrafia.com\/ca\/serigrafia-sostenible-innovacio-compromis-ambiental\/#primaryimage","url":"https:\/\/esserigrafia.com\/wp-content\/uploads\/2024\/06\/cabecera-que-es-serigrafia-1024x581.jpeg","contentUrl":"https:\/\/esserigrafia.com\/wp-content\/uploads\/2024\/06\/cabecera-que-es-serigrafia-1024x581.jpeg"},{"@type":"BreadcrumbList","@id":"https:\/\/esserigrafia.com\/ca\/serigrafia-sostenible-innovacio-compromis-ambiental\/#breadcrumb","itemListElement":[{"@type":"ListItem","position":1,"name":"Inici","item":"https:\/\/esserigrafia.com\/ca\/"},{"@type":"ListItem","position":2,"name":"Serigrafia sostenible"}]},{"@type":"WebSite","@id":"https:\/\/esserigrafia.com\/#website","url":"https:\/\/esserigrafia.com\/","name":"Esser Serigrafia","description":"Impressi\u00f3 a Barcelona","publisher":{"@id":"https:\/\/esserigrafia.com\/#organization"},"potentialAction":[{"@type":"SearchAction","target":{"@type":"EntryPoint","urlTemplate":"https:\/\/esserigrafia.com\/?s={search_term_string}"},"query-input":"required name=search_term_string"}],"inLanguage":"ca"},{"@type":"Organization","@id":"https:\/\/esserigrafia.com\/#organization","name":"Esser Serigrafia","url":"https:\/\/esserigrafia.com\/","logo":{"@type":"ImageObject","inLanguage":"ca","@id":"https:\/\/esserigrafia.com\/#\/schema\/logo\/image\/","url":"https:\/\/esserigrafia.com\/wp-content\/uploads\/2017\/10\/logo.png","contentUrl":"https:\/\/esserigrafia.com\/wp-content\/uploads\/2017\/10\/logo.png","width":311,"height":36,"caption":"Esser Serigrafia"},"image":{"@id":"https:\/\/esserigrafia.com\/#\/schema\/logo\/image\/"},"sameAs":["https:\/\/www.youtube.com\/channel\/UCtbBTXM54W4HvQf58CfXTFQ"]}]}},"_links":{"self":[{"href":"https:\/\/esserigrafia.com\/ca\/wp-json\/wp\/v2\/pages\/1754"}],"collection":[{"href":"https:\/\/esserigrafia.com\/ca\/wp-json\/wp\/v2\/pages"}],"about":[{"href":"https:\/\/esserigrafia.com\/ca\/wp-json\/wp\/v2\/types\/page"}],"author":[{"embeddable":true,"href":"https:\/\/esserigrafia.com\/ca\/wp-json\/wp\/v2\/users\/5"}],"replies":[{"embeddable":true,"href":"https:\/\/esserigrafia.com\/ca\/wp-json\/wp\/v2\/comments?post=1754"}],"version-history":[{"count":7,"href":"https:\/\/esserigrafia.com\/ca\/wp-json\/wp\/v2\/pages\/1754\/revisions"}],"predecessor-version":[{"id":1799,"href":"https:\/\/esserigrafia.com\/ca\/wp-json\/wp\/v2\/pages\/1754\/revisions\/1799"}],"wp:attachment":[{"href":"https:\/\/esserigrafia.com\/ca\/wp-json\/wp\/v2\/media?parent=1754"}],"curies":[{"name":"wp","href":"https:\/\/api.w.org\/{rel}","templated":true}]}}