{"id":124,"date":"2017-10-30T13:19:57","date_gmt":"2017-10-30T12:19:57","guid":{"rendered":"http:\/\/esserigrafia.com\/?page_id=124"},"modified":"2024-05-28T12:10:11","modified_gmt":"2024-05-28T10:10:11","slug":"serigrafia-barcelona","status":"publish","type":"page","link":"https:\/\/esserigrafia.com\/ca\/serigrafia-barcelona\/","title":{"rendered":"Serigrafia Barcelona"},"content":{"rendered":"\n<p class=\"has-large-font-size\">A <strong><em>Esser Serigrafia Barcelona<\/em><\/strong> disposem de les \u00faltimes tecnologies per a transformar les teves idees en productes originals, creatius i d&#8217;excel\u00b7lent qualitat. <\/p>\n\n\n\n<p>Un equip especialitzat t&#8217;assessorar\u00e0 i t&#8217;enviarem un <strong><a href=\"\/contacte-esser\/\">pressupost<\/a><\/strong> sense comprom\u00eds en temps r\u00e8cord. Som experts\/es en <strong>serigrafia industrial<\/strong> i portem 25 anys a Barcelona.<\/p>\n\n\n\n<h2 class=\"wp-block-heading\"><strong>El proc\u00e9s de la serigrafia industrial a Barcelona<\/strong><\/h2>\n\n\n\n<figure class=\"wp-block-embed is-type-video is-provider-youtube wp-block-embed-youtube wp-embed-aspect-16-9 wp-has-aspect-ratio\"><div class=\"wp-block-embed__wrapper\">\n<iframe loading=\"lazy\" title=\"Serigraf\u00eda Barcelona - Esser Serigraf\u00eda\" width=\"500\" height=\"281\" src=\"https:\/\/www.youtube.com\/embed\/KcopiQy6np0?feature=oembed\" frameborder=\"0\" allow=\"accelerometer; autoplay; clipboard-write; encrypted-media; gyroscope; picture-in-picture; web-share\" referrerpolicy=\"strict-origin-when-cross-origin\" allowfullscreen><\/iframe>\n<\/div><\/figure>\n\n\n\n<p>Coneixes la nostra \u00e0mplia varietat <strong>d&#8217;acabats<\/strong>? Transferir una tinta a trav\u00e9s d&#8217;una malla tibada en un marc mai ha tingut tantes possibilitats. S&#8217;estima que les primeres impressions van ser realitzades pels <strong><a href=\"https:\/\/es.wikipedia.org\/wiki\/Serigraf%C3%ADa\">nadius de les illes Fiji, l&#8217;any 3000 a. C.<\/a><\/strong>, artistes com Warhol, Mir\u00f3, T\u00e0pies o Chillida tamb\u00e9 van utilitzar la <strong>t\u00e8cnica de la serigrafia<\/strong> en les seves obres.<\/p>\n\n\n\n<p class=\"has-text-align-center has-large-font-size\"><strong>Necessites imprimir sobre objectes r\u00edgids o flexibles?<\/strong><\/p>\n\n\n\n<div class=\"wp-block-buttons is-content-justification-center is-layout-flex wp-container-core-buttons-is-layout-1 wp-block-buttons-is-layout-flex\">\n<div class=\"wp-block-button\"><a class=\"wp-block-button__link has-text-align-center wp-element-button\" href=\"\/contacte-esser\/\"><strong>Sol\u00b7licita un pressupost<\/strong><\/a><\/div>\n<\/div>\n\n\n\n<h2 class=\"wp-block-heading has-text-align-center\"><strong>M\u00e9s de 25 anys de Serigrafia a Barcelona<\/strong><\/h2>\n\n\n\n<figure class=\"wp-block-image\"><img loading=\"lazy\" decoding=\"async\" width=\"1024\" height=\"345\" src=\"https:\/\/esserigrafia.com\/wp-content\/uploads\/2019\/06\/serigrafia-esser-1-1024x345.jpg\" alt=\"\" class=\"wp-image-767\" srcset=\"https:\/\/esserigrafia.com\/wp-content\/uploads\/2019\/06\/serigrafia-esser-1-1024x345.jpg 1024w, https:\/\/esserigrafia.com\/wp-content\/uploads\/2019\/06\/serigrafia-esser-1-300x101.jpg 300w, https:\/\/esserigrafia.com\/wp-content\/uploads\/2019\/06\/serigrafia-esser-1-768x259.jpg 768w, https:\/\/esserigrafia.com\/wp-content\/uploads\/2019\/06\/serigrafia-esser-1.jpg 1600w\" sizes=\"(max-width: 1024px) 100vw, 1024px\" \/><\/figure>\n\n\n\n<p>La<strong> traject\u00f2ria de Esser Serigrafia<\/strong> arrenca l\u2019any 1998, en un taller de serigrafia petit amb una sola m\u00e0quina. Durant tots aquests anys ens hem centrat en oferir el millor resultat en cada projecte. En conseq\u00fc\u00e8ncia actualment som una<a href=\"https:\/\/revistalatribuna.com\/todo-sobre-la-empresa-de-impresion-especializada-en-serigrafia-que-esta-en-pleno-auge\/\"> empresa de refer\u00e8ncia<\/a> <strong>en el sector d&#8217;impressi\u00f3 d&#8217;objectes i serigrafia <\/strong>a Barcelona.<\/p>\n\n\n\n<p>Durant tots aquests anys hem dedicat un gran esfor\u00e7 a millorar el nostre<strong> sistema de producci\u00f3.<\/strong> Com a resultat actualment podem oferir un <strong>servei competitiu<\/strong> tant en qualitat com en preu.<\/p>\n\n\n\n<p class=\"has-text-align-center has-large-font-size\"><strong>Podem serigrafiar tot tipus de materials<\/strong><\/p>\n\n\n\n<div class=\"wp-block-buttons is-content-justification-center is-layout-flex wp-container-core-buttons-is-layout-2 wp-block-buttons-is-layout-flex\">\n<div class=\"wp-block-button\"><a class=\"wp-block-button__link wp-element-button\" href=\"\/materials\/\"><strong><strong>Veure materials<\/strong><\/strong><\/a><\/div>\n<\/div>\n\n\n\n<h2 class=\"wp-block-heading\"><strong>Professionalitat, experi\u00e8ncia i tecnologia<\/strong><\/h2>\n\n\n\n<p>Som especialistes en <strong>serigrafia industrial<\/strong> i disposem d&#8217;una xarxa de col\u00b7laboradors en tota mena de t\u00e8cniques de marcatge i impressi\u00f3 i marcatge d&#8217;objectes. Truca&#8217;ns o contacta amb nosaltres i t&#8217;ajudarem.<\/p>\n\n\n\n<p>Ens esforcem a oferir assessorament en relaci\u00f3 a les t\u00e8cniques. Aix\u00ed mateix, en les possibilitats creatives de cada suport, costos, durabilitat i acabats.<\/p>\n\n\n\n<p>Des del nostre taller situat a Barcelona duem a terme projectes de serigrafia per a clients de tota Espanya i per a empreses internacionals.<\/p>\n\n\n\n<p class=\"has-text-align-center has-large-font-size\"><strong>T\u00e8cniques d&#8217;impressi\u00f3 i marcatge<\/strong><\/p>\n\n\n\n<div class=\"wp-block-buttons is-content-justification-center is-layout-flex wp-container-core-buttons-is-layout-3 wp-block-buttons-is-layout-flex\">\n<div class=\"wp-block-button\"><a class=\"wp-block-button__link has-text-align-center wp-element-button\" href=\"\/tecniques-de-serigrafia\/\"><strong>Veure t\u00e8cniques<\/strong><\/a><\/div>\n<\/div>\n\n\n\n<figure class=\"wp-block-gallery has-nested-images columns-default wp-block-gallery-1 is-layout-flex wp-block-gallery-is-layout-flex\">\n<figure class=\"wp-block-image size-large\"><img loading=\"lazy\" decoding=\"async\" width=\"742\" height=\"748\" data-id=\"779\" src=\"https:\/\/esserigrafia.com\/wp-content\/uploads\/2019\/06\/serigrafia-1-1.jpg\" alt=\"\" class=\"wp-image-779\" srcset=\"https:\/\/esserigrafia.com\/wp-content\/uploads\/2019\/06\/serigrafia-1-1.jpg 742w, https:\/\/esserigrafia.com\/wp-content\/uploads\/2019\/06\/serigrafia-1-1-150x150.jpg 150w, https:\/\/esserigrafia.com\/wp-content\/uploads\/2019\/06\/serigrafia-1-1-298x300.jpg 298w\" sizes=\"(max-width: 742px) 100vw, 742px\" \/><\/figure>\n\n\n\n<figure class=\"wp-block-image size-large\"><img loading=\"lazy\" decoding=\"async\" width=\"742\" height=\"748\" data-id=\"777\" src=\"https:\/\/esserigrafia.com\/wp-content\/uploads\/2019\/06\/serigrafia-2-1.jpg\" alt=\"\" class=\"wp-image-777\" srcset=\"https:\/\/esserigrafia.com\/wp-content\/uploads\/2019\/06\/serigrafia-2-1.jpg 742w, https:\/\/esserigrafia.com\/wp-content\/uploads\/2019\/06\/serigrafia-2-1-150x150.jpg 150w, https:\/\/esserigrafia.com\/wp-content\/uploads\/2019\/06\/serigrafia-2-1-298x300.jpg 298w\" sizes=\"(max-width: 742px) 100vw, 742px\" \/><\/figure>\n\n\n\n<figure class=\"wp-block-image size-large\"><img loading=\"lazy\" decoding=\"async\" width=\"742\" height=\"748\" data-id=\"775\" src=\"https:\/\/esserigrafia.com\/wp-content\/uploads\/2019\/06\/serigrafia-4-1.jpg\" alt=\"\" class=\"wp-image-775\" srcset=\"https:\/\/esserigrafia.com\/wp-content\/uploads\/2019\/06\/serigrafia-4-1.jpg 742w, https:\/\/esserigrafia.com\/wp-content\/uploads\/2019\/06\/serigrafia-4-1-150x150.jpg 150w, https:\/\/esserigrafia.com\/wp-content\/uploads\/2019\/06\/serigrafia-4-1-298x300.jpg 298w\" sizes=\"(max-width: 742px) 100vw, 742px\" \/><\/figure>\n<\/figure>\n\n\n\n<p class=\"has-text-align-center has-large-font-size\"><strong>Vols con\u00e8ixer al nostre equip?<\/strong><\/p>\n\n\n\n<p class=\"has-text-align-center\">Descobreix un equip preparat per a afrontar projectes exigents. Experi\u00e8ncia i comprom\u00eds amb els nostres clients.<\/p>\n\n\n\n<div class=\"wp-block-button aligncenter\"><a class=\"wp-block-button__link wp-element-button\" href=\"https:\/\/esserigrafia.com\/ca\/equip\/\">Veure equip<\/a><\/div>\n","protected":false},"excerpt":{"rendered":"<p>A Esser Serigrafia Barcelona disposem de les \u00faltimes tecnologies per a transformar les teves idees en productes originals, creatius i d&#8217;excel\u00b7lent qualitat. Un equip especialitzat t&#8217;assessorar\u00e0 i t&#8217;enviarem un pressupost sense comprom\u00eds en temps r\u00e8cord. [&hellip;]<\/p>\n","protected":false},"author":5,"featured_media":0,"parent":0,"menu_order":0,"comment_status":"closed","ping_status":"closed","template":"template-productos.php","meta":{"footnotes":""},"yoast_head":"<!-- This site is optimized with the Yoast SEO plugin v22.9 - https:\/\/yoast.com\/wordpress\/plugins\/seo\/ -->\n<title>Serigrafia Barcelona a ESSER: adhesius, senyalitzaci\u00f3, packaging...<\/title>\n<meta name=\"description\" content=\"En Esser Serigrafia Barcelona treballem amb una gran varietat de materials y acabats que ens permeten la serigrafia de productes de tot tipus.\" \/>\n<meta name=\"robots\" content=\"index, follow, max-snippet:-1, max-image-preview:large, max-video-preview:-1\" \/>\n<link rel=\"canonical\" href=\"https:\/\/esserigrafia.com\/ca\/serigrafia-barcelona\/\" \/>\n<meta property=\"og:locale\" content=\"ca_ES\" \/>\n<meta property=\"og:type\" content=\"article\" \/>\n<meta property=\"og:title\" content=\"Serigrafia Barcelona a ESSER: adhesius, senyalitzaci\u00f3, packaging...\" \/>\n<meta property=\"og:description\" content=\"En Esser Serigrafia Barcelona treballem amb una gran varietat de materials y acabats que ens permeten la serigrafia de productes de tot tipus.\" \/>\n<meta property=\"og:url\" content=\"https:\/\/esserigrafia.com\/ca\/serigrafia-barcelona\/\" \/>\n<meta property=\"og:site_name\" content=\"Esser Serigrafia\" \/>\n<meta property=\"article:modified_time\" content=\"2024-05-28T10:10:11+00:00\" \/>\n<meta property=\"og:image\" content=\"https:\/\/esserigrafia.com\/wp-content\/uploads\/2019\/06\/serigrafia-esser-1-1024x345.jpg\" \/>\n<meta name=\"twitter:card\" content=\"summary_large_image\" \/>\n<meta name=\"twitter:label1\" content=\"Temps estimat de lectura\" \/>\n\t<meta name=\"twitter:data1\" content=\"3 minuts\" \/>\n<script type=\"application\/ld+json\" class=\"yoast-schema-graph\">{\"@context\":\"https:\/\/schema.org\",\"@graph\":[{\"@type\":\"WebPage\",\"@id\":\"https:\/\/esserigrafia.com\/ca\/serigrafia-barcelona\/\",\"url\":\"https:\/\/esserigrafia.com\/ca\/serigrafia-barcelona\/\",\"name\":\"Serigrafia Barcelona a ESSER: adhesius, senyalitzaci\u00f3, packaging...\",\"isPartOf\":{\"@id\":\"https:\/\/esserigrafia.com\/#website\"},\"primaryImageOfPage\":{\"@id\":\"https:\/\/esserigrafia.com\/ca\/serigrafia-barcelona\/#primaryimage\"},\"image\":{\"@id\":\"https:\/\/esserigrafia.com\/ca\/serigrafia-barcelona\/#primaryimage\"},\"thumbnailUrl\":\"https:\/\/esserigrafia.com\/wp-content\/uploads\/2019\/06\/serigrafia-esser-1-1024x345.jpg\",\"datePublished\":\"2017-10-30T12:19:57+00:00\",\"dateModified\":\"2024-05-28T10:10:11+00:00\",\"description\":\"En Esser Serigrafia Barcelona treballem amb una gran varietat de materials y acabats que ens permeten la serigrafia de productes de tot tipus.\",\"breadcrumb\":{\"@id\":\"https:\/\/esserigrafia.com\/ca\/serigrafia-barcelona\/#breadcrumb\"},\"inLanguage\":\"ca\",\"potentialAction\":[{\"@type\":\"ReadAction\",\"target\":[\"https:\/\/esserigrafia.com\/ca\/serigrafia-barcelona\/\"]}]},{\"@type\":\"ImageObject\",\"inLanguage\":\"ca\",\"@id\":\"https:\/\/esserigrafia.com\/ca\/serigrafia-barcelona\/#primaryimage\",\"url\":\"https:\/\/esserigrafia.com\/wp-content\/uploads\/2019\/06\/serigrafia-esser-1-1024x345.jpg\",\"contentUrl\":\"https:\/\/esserigrafia.com\/wp-content\/uploads\/2019\/06\/serigrafia-esser-1-1024x345.jpg\"},{\"@type\":\"BreadcrumbList\",\"@id\":\"https:\/\/esserigrafia.com\/ca\/serigrafia-barcelona\/#breadcrumb\",\"itemListElement\":[{\"@type\":\"ListItem\",\"position\":1,\"name\":\"Inici\",\"item\":\"https:\/\/esserigrafia.com\/ca\/\"},{\"@type\":\"ListItem\",\"position\":2,\"name\":\"Serigrafia Barcelona\"}]},{\"@type\":\"WebSite\",\"@id\":\"https:\/\/esserigrafia.com\/#website\",\"url\":\"https:\/\/esserigrafia.com\/\",\"name\":\"Esser Serigrafia\",\"description\":\"Impressi\u00f3 a Barcelona\",\"publisher\":{\"@id\":\"https:\/\/esserigrafia.com\/#organization\"},\"potentialAction\":[{\"@type\":\"SearchAction\",\"target\":{\"@type\":\"EntryPoint\",\"urlTemplate\":\"https:\/\/esserigrafia.com\/?s={search_term_string}\"},\"query-input\":\"required name=search_term_string\"}],\"inLanguage\":\"ca\"},{\"@type\":\"Organization\",\"@id\":\"https:\/\/esserigrafia.com\/#organization\",\"name\":\"Esser Serigrafia\",\"url\":\"https:\/\/esserigrafia.com\/\",\"logo\":{\"@type\":\"ImageObject\",\"inLanguage\":\"ca\",\"@id\":\"https:\/\/esserigrafia.com\/#\/schema\/logo\/image\/\",\"url\":\"https:\/\/esserigrafia.com\/wp-content\/uploads\/2017\/10\/logo.png\",\"contentUrl\":\"https:\/\/esserigrafia.com\/wp-content\/uploads\/2017\/10\/logo.png\",\"width\":311,\"height\":36,\"caption\":\"Esser Serigrafia\"},\"image\":{\"@id\":\"https:\/\/esserigrafia.com\/#\/schema\/logo\/image\/\"},\"sameAs\":[\"https:\/\/www.youtube.com\/channel\/UCtbBTXM54W4HvQf58CfXTFQ\"]}]}<\/script>\n<!-- \/ Yoast SEO plugin. -->","yoast_head_json":{"title":"Serigrafia Barcelona a ESSER: adhesius, senyalitzaci\u00f3, packaging...","description":"En Esser Serigrafia Barcelona treballem amb una gran varietat de materials y acabats que ens permeten la serigrafia de productes de tot tipus.","robots":{"index":"index","follow":"follow","max-snippet":"max-snippet:-1","max-image-preview":"max-image-preview:large","max-video-preview":"max-video-preview:-1"},"canonical":"https:\/\/esserigrafia.com\/ca\/serigrafia-barcelona\/","og_locale":"ca_ES","og_type":"article","og_title":"Serigrafia Barcelona a ESSER: adhesius, senyalitzaci\u00f3, packaging...","og_description":"En Esser Serigrafia Barcelona treballem amb una gran varietat de materials y acabats que ens permeten la serigrafia de productes de tot tipus.","og_url":"https:\/\/esserigrafia.com\/ca\/serigrafia-barcelona\/","og_site_name":"Esser Serigrafia","article_modified_time":"2024-05-28T10:10:11+00:00","og_image":[{"url":"https:\/\/esserigrafia.com\/wp-content\/uploads\/2019\/06\/serigrafia-esser-1-1024x345.jpg"}],"twitter_card":"summary_large_image","twitter_misc":{"Temps estimat de lectura":"3 minuts"},"schema":{"@context":"https:\/\/schema.org","@graph":[{"@type":"WebPage","@id":"https:\/\/esserigrafia.com\/ca\/serigrafia-barcelona\/","url":"https:\/\/esserigrafia.com\/ca\/serigrafia-barcelona\/","name":"Serigrafia Barcelona a ESSER: adhesius, senyalitzaci\u00f3, packaging...","isPartOf":{"@id":"https:\/\/esserigrafia.com\/#website"},"primaryImageOfPage":{"@id":"https:\/\/esserigrafia.com\/ca\/serigrafia-barcelona\/#primaryimage"},"image":{"@id":"https:\/\/esserigrafia.com\/ca\/serigrafia-barcelona\/#primaryimage"},"thumbnailUrl":"https:\/\/esserigrafia.com\/wp-content\/uploads\/2019\/06\/serigrafia-esser-1-1024x345.jpg","datePublished":"2017-10-30T12:19:57+00:00","dateModified":"2024-05-28T10:10:11+00:00","description":"En Esser Serigrafia Barcelona treballem amb una gran varietat de materials y acabats que ens permeten la serigrafia de productes de tot tipus.","breadcrumb":{"@id":"https:\/\/esserigrafia.com\/ca\/serigrafia-barcelona\/#breadcrumb"},"inLanguage":"ca","potentialAction":[{"@type":"ReadAction","target":["https:\/\/esserigrafia.com\/ca\/serigrafia-barcelona\/"]}]},{"@type":"ImageObject","inLanguage":"ca","@id":"https:\/\/esserigrafia.com\/ca\/serigrafia-barcelona\/#primaryimage","url":"https:\/\/esserigrafia.com\/wp-content\/uploads\/2019\/06\/serigrafia-esser-1-1024x345.jpg","contentUrl":"https:\/\/esserigrafia.com\/wp-content\/uploads\/2019\/06\/serigrafia-esser-1-1024x345.jpg"},{"@type":"BreadcrumbList","@id":"https:\/\/esserigrafia.com\/ca\/serigrafia-barcelona\/#breadcrumb","itemListElement":[{"@type":"ListItem","position":1,"name":"Inici","item":"https:\/\/esserigrafia.com\/ca\/"},{"@type":"ListItem","position":2,"name":"Serigrafia Barcelona"}]},{"@type":"WebSite","@id":"https:\/\/esserigrafia.com\/#website","url":"https:\/\/esserigrafia.com\/","name":"Esser Serigrafia","description":"Impressi\u00f3 a Barcelona","publisher":{"@id":"https:\/\/esserigrafia.com\/#organization"},"potentialAction":[{"@type":"SearchAction","target":{"@type":"EntryPoint","urlTemplate":"https:\/\/esserigrafia.com\/?s={search_term_string}"},"query-input":"required name=search_term_string"}],"inLanguage":"ca"},{"@type":"Organization","@id":"https:\/\/esserigrafia.com\/#organization","name":"Esser Serigrafia","url":"https:\/\/esserigrafia.com\/","logo":{"@type":"ImageObject","inLanguage":"ca","@id":"https:\/\/esserigrafia.com\/#\/schema\/logo\/image\/","url":"https:\/\/esserigrafia.com\/wp-content\/uploads\/2017\/10\/logo.png","contentUrl":"https:\/\/esserigrafia.com\/wp-content\/uploads\/2017\/10\/logo.png","width":311,"height":36,"caption":"Esser Serigrafia"},"image":{"@id":"https:\/\/esserigrafia.com\/#\/schema\/logo\/image\/"},"sameAs":["https:\/\/www.youtube.com\/channel\/UCtbBTXM54W4HvQf58CfXTFQ"]}]}},"_links":{"self":[{"href":"https:\/\/esserigrafia.com\/ca\/wp-json\/wp\/v2\/pages\/124"}],"collection":[{"href":"https:\/\/esserigrafia.com\/ca\/wp-json\/wp\/v2\/pages"}],"about":[{"href":"https:\/\/esserigrafia.com\/ca\/wp-json\/wp\/v2\/types\/page"}],"author":[{"embeddable":true,"href":"https:\/\/esserigrafia.com\/ca\/wp-json\/wp\/v2\/users\/5"}],"replies":[{"embeddable":true,"href":"https:\/\/esserigrafia.com\/ca\/wp-json\/wp\/v2\/comments?post=124"}],"version-history":[{"count":46,"href":"https:\/\/esserigrafia.com\/ca\/wp-json\/wp\/v2\/pages\/124\/revisions"}],"predecessor-version":[{"id":1695,"href":"https:\/\/esserigrafia.com\/ca\/wp-json\/wp\/v2\/pages\/124\/revisions\/1695"}],"wp:attachment":[{"href":"https:\/\/esserigrafia.com\/ca\/wp-json\/wp\/v2\/media?parent=124"}],"curies":[{"name":"wp","href":"https:\/\/api.w.org\/{rel}","templated":true}]}}