{"id":119,"date":"2017-10-30T13:19:07","date_gmt":"2017-10-30T12:19:07","guid":{"rendered":"http:\/\/esserigrafia.com\/?page_id=119"},"modified":"2019-06-12T09:47:52","modified_gmt":"2019-06-12T08:47:52","slug":"acabats-en-serigrafia","status":"publish","type":"page","link":"https:\/\/esserigrafia.com\/ca\/acabats-en-serigrafia\/","title":{"rendered":"Acabats"},"content":{"rendered":"\n<p>Acabats en serigrafia gr\u00e0fics,&nbsp;<a href=\"http:\/\/esserigrafia.com\/tecnicas\/impresion-offset\/\">offset<\/a>,&nbsp;<a href=\"http:\/\/esserigrafia.com\/tecnicas\/impresion-digital\/\">digital<\/a>, tampografia i l\u00e0ser. Impressions duradores per exterior d\u2019alta qualitat amb tintes at\u00f2xiques, opaques, que cobreixen, UV, solvents i base aigua. Tintes especials, rasca plata, or i colors, amb relleu, texturades, imitaci\u00f3 pell, goma, antilliscants, glitters, cola humectable, cola adhesiva removible i permanent, conductores, termocrom\u00e0tiques, que canvien de color, invisibles, que es veuen amb llum ultravioleta, f\u00e8rrica, amb ferro, aquarel\u00b7la, mirall, amb olor, termoconformables i antigrafitti. <\/p>\n\n\n\n<p>Comenta&#8217;ns <a href=\"mailto:es@esserigrafia.com\"><strong><em>aqu\u00ed<\/em><\/strong><\/a> les teves necessitats i un equip especialista d\u2019<strong><em>Esser&nbsp;Serigrafia <\/em><\/strong>t&#8217;assessorar\u00e0 perqu\u00e8, junts, obtinguem el millor dels resultats.<\/p>\n","protected":false},"excerpt":{"rendered":"<p>Acabats en serigrafia gr\u00e0fics,&nbsp;offset,&nbsp;digital, tampografia i l\u00e0ser. Impressions duradores per exterior d\u2019alta qualitat amb tintes at\u00f2xiques, opaques, que cobreixen, UV, solvents i base aigua. Tintes especials, rasca plata, or i colors, amb relleu, texturades, imitaci\u00f3 [&hellip;]<\/p>\n","protected":false},"author":4,"featured_media":0,"parent":0,"menu_order":0,"comment_status":"closed","ping_status":"closed","template":"template-acabados.php","meta":{"footnotes":""},"yoast_head":"<!-- This site is optimized with the Yoast SEO plugin v22.9 - https:\/\/yoast.com\/wordpress\/plugins\/seo\/ -->\n<title>Acabats en serigrafia offset, digital, tampografia, l\u00e1ser<\/title>\n<meta name=\"description\" content=\"Acabats en serigrafia gr\u00e0fics, offset, digital, tampografia i l\u00e0ser. Impressions duradores per exterior d&#039;alta qualitat amb tintes at\u00f2xiques, opaques, que cobreixen, uv, solvents i base aigua. Tintes especials, rasca plata, or i colors\" \/>\n<meta name=\"robots\" content=\"index, follow, max-snippet:-1, max-image-preview:large, max-video-preview:-1\" \/>\n<link rel=\"canonical\" href=\"https:\/\/esserigrafia.com\/ca\/acabats-en-serigrafia\/\" \/>\n<meta property=\"og:locale\" content=\"ca_ES\" \/>\n<meta property=\"og:type\" content=\"article\" \/>\n<meta property=\"og:title\" content=\"Acabats en serigrafia offset, digital, tampografia, l\u00e1ser\" \/>\n<meta property=\"og:description\" content=\"Acabats en serigrafia gr\u00e0fics, offset, digital, tampografia i l\u00e0ser. Impressions duradores per exterior d&#039;alta qualitat amb tintes at\u00f2xiques, opaques, que cobreixen, uv, solvents i base aigua. Tintes especials, rasca plata, or i colors\" \/>\n<meta property=\"og:url\" content=\"https:\/\/esserigrafia.com\/ca\/acabats-en-serigrafia\/\" \/>\n<meta property=\"og:site_name\" content=\"Esser Serigrafia\" \/>\n<meta property=\"article:modified_time\" content=\"2019-06-12T08:47:52+00:00\" \/>\n<meta name=\"twitter:card\" content=\"summary_large_image\" \/>\n<meta name=\"twitter:label1\" content=\"Temps estimat de lectura\" \/>\n\t<meta name=\"twitter:data1\" content=\"1 minut\" \/>\n<script type=\"application\/ld+json\" class=\"yoast-schema-graph\">{\"@context\":\"https:\/\/schema.org\",\"@graph\":[{\"@type\":\"WebPage\",\"@id\":\"https:\/\/esserigrafia.com\/ca\/acabats-en-serigrafia\/\",\"url\":\"https:\/\/esserigrafia.com\/ca\/acabats-en-serigrafia\/\",\"name\":\"Acabats en serigrafia offset, digital, tampografia, l\u00e1ser\",\"isPartOf\":{\"@id\":\"https:\/\/esserigrafia.com\/#website\"},\"datePublished\":\"2017-10-30T12:19:07+00:00\",\"dateModified\":\"2019-06-12T08:47:52+00:00\",\"description\":\"Acabats en serigrafia gr\u00e0fics, offset, digital, tampografia i l\u00e0ser. Impressions duradores per exterior d'alta qualitat amb tintes at\u00f2xiques, opaques, que cobreixen, uv, solvents i base aigua. Tintes especials, rasca plata, or i colors\",\"breadcrumb\":{\"@id\":\"https:\/\/esserigrafia.com\/ca\/acabats-en-serigrafia\/#breadcrumb\"},\"inLanguage\":\"ca\",\"potentialAction\":[{\"@type\":\"ReadAction\",\"target\":[\"https:\/\/esserigrafia.com\/ca\/acabats-en-serigrafia\/\"]}]},{\"@type\":\"BreadcrumbList\",\"@id\":\"https:\/\/esserigrafia.com\/ca\/acabats-en-serigrafia\/#breadcrumb\",\"itemListElement\":[{\"@type\":\"ListItem\",\"position\":1,\"name\":\"Inici\",\"item\":\"https:\/\/esserigrafia.com\/ca\/\"},{\"@type\":\"ListItem\",\"position\":2,\"name\":\"Acabats\"}]},{\"@type\":\"WebSite\",\"@id\":\"https:\/\/esserigrafia.com\/#website\",\"url\":\"https:\/\/esserigrafia.com\/\",\"name\":\"Esser Serigrafia\",\"description\":\"Impressi\u00f3 a Barcelona\",\"publisher\":{\"@id\":\"https:\/\/esserigrafia.com\/#organization\"},\"potentialAction\":[{\"@type\":\"SearchAction\",\"target\":{\"@type\":\"EntryPoint\",\"urlTemplate\":\"https:\/\/esserigrafia.com\/?s={search_term_string}\"},\"query-input\":\"required name=search_term_string\"}],\"inLanguage\":\"ca\"},{\"@type\":\"Organization\",\"@id\":\"https:\/\/esserigrafia.com\/#organization\",\"name\":\"Esser Serigrafia\",\"url\":\"https:\/\/esserigrafia.com\/\",\"logo\":{\"@type\":\"ImageObject\",\"inLanguage\":\"ca\",\"@id\":\"https:\/\/esserigrafia.com\/#\/schema\/logo\/image\/\",\"url\":\"https:\/\/esserigrafia.com\/wp-content\/uploads\/2017\/10\/logo.png\",\"contentUrl\":\"https:\/\/esserigrafia.com\/wp-content\/uploads\/2017\/10\/logo.png\",\"width\":311,\"height\":36,\"caption\":\"Esser Serigrafia\"},\"image\":{\"@id\":\"https:\/\/esserigrafia.com\/#\/schema\/logo\/image\/\"},\"sameAs\":[\"https:\/\/www.youtube.com\/channel\/UCtbBTXM54W4HvQf58CfXTFQ\"]}]}<\/script>\n<!-- \/ Yoast SEO plugin. -->","yoast_head_json":{"title":"Acabats en serigrafia offset, digital, tampografia, l\u00e1ser","description":"Acabats en serigrafia gr\u00e0fics, offset, digital, tampografia i l\u00e0ser. Impressions duradores per exterior d'alta qualitat amb tintes at\u00f2xiques, opaques, que cobreixen, uv, solvents i base aigua. Tintes especials, rasca plata, or i colors","robots":{"index":"index","follow":"follow","max-snippet":"max-snippet:-1","max-image-preview":"max-image-preview:large","max-video-preview":"max-video-preview:-1"},"canonical":"https:\/\/esserigrafia.com\/ca\/acabats-en-serigrafia\/","og_locale":"ca_ES","og_type":"article","og_title":"Acabats en serigrafia offset, digital, tampografia, l\u00e1ser","og_description":"Acabats en serigrafia gr\u00e0fics, offset, digital, tampografia i l\u00e0ser. Impressions duradores per exterior d'alta qualitat amb tintes at\u00f2xiques, opaques, que cobreixen, uv, solvents i base aigua. Tintes especials, rasca plata, or i colors","og_url":"https:\/\/esserigrafia.com\/ca\/acabats-en-serigrafia\/","og_site_name":"Esser Serigrafia","article_modified_time":"2019-06-12T08:47:52+00:00","twitter_card":"summary_large_image","twitter_misc":{"Temps estimat de lectura":"1 minut"},"schema":{"@context":"https:\/\/schema.org","@graph":[{"@type":"WebPage","@id":"https:\/\/esserigrafia.com\/ca\/acabats-en-serigrafia\/","url":"https:\/\/esserigrafia.com\/ca\/acabats-en-serigrafia\/","name":"Acabats en serigrafia offset, digital, tampografia, l\u00e1ser","isPartOf":{"@id":"https:\/\/esserigrafia.com\/#website"},"datePublished":"2017-10-30T12:19:07+00:00","dateModified":"2019-06-12T08:47:52+00:00","description":"Acabats en serigrafia gr\u00e0fics, offset, digital, tampografia i l\u00e0ser. Impressions duradores per exterior d'alta qualitat amb tintes at\u00f2xiques, opaques, que cobreixen, uv, solvents i base aigua. Tintes especials, rasca plata, or i colors","breadcrumb":{"@id":"https:\/\/esserigrafia.com\/ca\/acabats-en-serigrafia\/#breadcrumb"},"inLanguage":"ca","potentialAction":[{"@type":"ReadAction","target":["https:\/\/esserigrafia.com\/ca\/acabats-en-serigrafia\/"]}]},{"@type":"BreadcrumbList","@id":"https:\/\/esserigrafia.com\/ca\/acabats-en-serigrafia\/#breadcrumb","itemListElement":[{"@type":"ListItem","position":1,"name":"Inici","item":"https:\/\/esserigrafia.com\/ca\/"},{"@type":"ListItem","position":2,"name":"Acabats"}]},{"@type":"WebSite","@id":"https:\/\/esserigrafia.com\/#website","url":"https:\/\/esserigrafia.com\/","name":"Esser Serigrafia","description":"Impressi\u00f3 a Barcelona","publisher":{"@id":"https:\/\/esserigrafia.com\/#organization"},"potentialAction":[{"@type":"SearchAction","target":{"@type":"EntryPoint","urlTemplate":"https:\/\/esserigrafia.com\/?s={search_term_string}"},"query-input":"required name=search_term_string"}],"inLanguage":"ca"},{"@type":"Organization","@id":"https:\/\/esserigrafia.com\/#organization","name":"Esser Serigrafia","url":"https:\/\/esserigrafia.com\/","logo":{"@type":"ImageObject","inLanguage":"ca","@id":"https:\/\/esserigrafia.com\/#\/schema\/logo\/image\/","url":"https:\/\/esserigrafia.com\/wp-content\/uploads\/2017\/10\/logo.png","contentUrl":"https:\/\/esserigrafia.com\/wp-content\/uploads\/2017\/10\/logo.png","width":311,"height":36,"caption":"Esser Serigrafia"},"image":{"@id":"https:\/\/esserigrafia.com\/#\/schema\/logo\/image\/"},"sameAs":["https:\/\/www.youtube.com\/channel\/UCtbBTXM54W4HvQf58CfXTFQ"]}]}},"_links":{"self":[{"href":"https:\/\/esserigrafia.com\/ca\/wp-json\/wp\/v2\/pages\/119"}],"collection":[{"href":"https:\/\/esserigrafia.com\/ca\/wp-json\/wp\/v2\/pages"}],"about":[{"href":"https:\/\/esserigrafia.com\/ca\/wp-json\/wp\/v2\/types\/page"}],"author":[{"embeddable":true,"href":"https:\/\/esserigrafia.com\/ca\/wp-json\/wp\/v2\/users\/4"}],"replies":[{"embeddable":true,"href":"https:\/\/esserigrafia.com\/ca\/wp-json\/wp\/v2\/comments?post=119"}],"version-history":[{"count":13,"href":"https:\/\/esserigrafia.com\/ca\/wp-json\/wp\/v2\/pages\/119\/revisions"}],"predecessor-version":[{"id":753,"href":"https:\/\/esserigrafia.com\/ca\/wp-json\/wp\/v2\/pages\/119\/revisions\/753"}],"wp:attachment":[{"href":"https:\/\/esserigrafia.com\/ca\/wp-json\/wp\/v2\/media?parent=119"}],"curies":[{"name":"wp","href":"https:\/\/api.w.org\/{rel}","templated":true}]}}